{"id":1848,"date":"2022-12-05T15:24:12","date_gmt":"2022-12-05T13:24:12","guid":{"rendered":"http:\/\/crostres.com\/aviso-legal\/"},"modified":"2025-03-24T12:53:41","modified_gmt":"2025-03-24T10:53:41","slug":"aviso-legal","status":"publish","type":"page","link":"https:\/\/crostres.com\/es\/aviso-legal\/","title":{"rendered":"Aviso Legal"},"content":{"rendered":"<h5 class=\"wp-block-heading\"><strong>Introducci\u00f3n\u00a0<\/strong><\/h5>\r\n<!-- \/wp:post-content -->\r\n\r\n<!-- wp:paragraph -->\r\n\r\nEn cumplimiento de la Ley 34\/2002, de 11 de julio, de Servicios de la Sociedad de la Informaci\u00f3n y de Comercio Electr\u00f3nico (LSSI-CE), CONSTRUCCIONS CROS TRES SL informa que es titular del sitio web. De acuerdo con la exigencia del art\u00edculo 10 de la citada Ley, CONSTRUCCIONS CROS TRES SL informa de los siguientes datos:\r\n\r\n<!-- \/wp:paragraph -->\r\n\r\n<!-- wp:list -->\r\n<ul class=\"wp-block-list\">\r\n \t<li style=\"list-style-type: none;\">\r\n<ul class=\"wp-block-list\"><!-- wp:list-item -->\r\n \t<li><strong>Titular:<\/strong>\u00a0 Construccions Crostres S.L.<\/li>\r\n<\/ul>\r\n<\/li>\r\n<\/ul>\r\n<!-- \/wp:list-item -->\r\n\r\n<!-- wp:list-item -->\r\n<ul class=\"wp-block-list\">\r\n \t<li style=\"list-style-type: none;\">\r\n<ul class=\"wp-block-list\">\r\n \t<li><strong>NIF:<\/strong>\u00a0B-64917966\r\nInscrita en el registro mercantil de Barcelona, tomo 40677, libro -, secci\u00f3n -, folio 183, hoja 371481, inscripci\u00f3n 1.<\/li>\r\n<\/ul>\r\n<\/li>\r\n<\/ul>\r\n<!-- \/wp:list-item -->\r\n\r\n<!-- wp:list-item -->\r\n<ul class=\"wp-block-list\">\r\n \t<li style=\"list-style-type: none;\">\r\n<ul class=\"wp-block-list\">\r\n \t<li><strong>Domicilio:<\/strong>\u00a0 C\/ De la Serra 31 &#8211; 08510 Roda de Ter, Barcelona &#8211; Espa\u00f1a.<\/li>\r\n<\/ul>\r\n<\/li>\r\n<\/ul>\r\n<!-- \/wp:list-item -->\r\n\r\n<!-- wp:list-item -->\r\n<ul class=\"wp-block-list\">\r\n \t<li style=\"list-style-type: none;\">\r\n<ul class=\"wp-block-list\">\r\n \t<li><strong>Correo electr\u00f3nico:<\/strong>\u00a0 <a href=\"mailto:construccions@crostres.com\">construccions@crostres.com<\/a><\/li>\r\n<\/ul>\r\n<\/li>\r\n<\/ul>\r\n<!-- \/wp:list-item -->\r\n\r\n<!-- wp:list-item -->\r\n<ul class=\"wp-block-list\">\r\n \t<li style=\"list-style-type: none;\">\r\n<ul class=\"wp-block-list\">\r\n \t<li><strong>Tel\u00e9fono:<\/strong>\u00a0 93 854 12 42<\/li>\r\n<\/ul>\r\n<\/li>\r\n<\/ul>\r\n<!-- \/wp:list-item -->\r\n\r\n<!-- wp:list-item -->\r\n<ul class=\"wp-block-list\">\r\n \t<li style=\"list-style-type: none;\">\r\n<ul class=\"wp-block-list\">\r\n \t<li><strong>Sitio Web:<\/strong>\u00a0\u00a0<a href=\"http:\/\/crostres.com\/\">http:\/\/crostres.com<\/a><\/li>\r\n<\/ul>\r\n<\/li>\r\n<\/ul>\r\n<!-- \/wp:list-item -->\r\n\r\n<!-- \/wp:list -->\r\n\r\n<!-- wp:heading {\"level\":5} -->\r\n<h5 class=\"wp-block-heading\"><strong><strong>Usuario y r\u00e9gimen de responsabilidades\u00a0<\/strong>\u00a0<\/strong><\/h5>\r\n<!-- \/wp:heading -->\r\n\r\n<!-- wp:paragraph -->\r\n\r\nLa navegaci\u00f3n, acceso y uso por el sitio web de CONSTRUCCIONS CROS TRES SL confiere la condici\u00f3n de usuario. El sitio web de CONSTRUCCIONS CROS TRES SL proporciona gran diversidad de informaci\u00f3n, servicios y datos. El usuario asume su responsabilidad en el uso correcto del sitio web. Esta responsabilidad se extender\u00e1 a:\r\n\r\n<!-- \/wp:paragraph -->\r\n\r\n<!-- wp:list -->\r\n<ul class=\"wp-block-list\">\r\n \t<li style=\"list-style-type: none;\">\r\n<ul class=\"wp-block-list\"><!-- wp:list-item -->\r\n \t<li>La veracidad y licitud de las informaciones aportadas por el usuario en los formularios extendidos por CONSTRUCCIONS CROS TRES SL para el acceso a ciertos contenidos o servicios ofrecidos por el web.<\/li>\r\n<\/ul>\r\n<\/li>\r\n<\/ul>\r\n<!-- \/wp:list-item -->\r\n\r\n<!-- wp:list-item -->\r\n<ul class=\"wp-block-list\">\r\n \t<li style=\"list-style-type: none;\">\r\n<ul class=\"wp-block-list\">\r\n \t<li>El uso de la informaci\u00f3n, servicios y datos ofrecidos por CONSTRUCCIONS CROS TRES SL contrariamente a lo dispuesto por las presentes condiciones, la Ley, la moral, las buenas costumbres o el orden p\u00fablico, o que de cualquier otro modo puedan suponer lesi\u00f3n de los derechos de terceros o del mismo funcionamiento del sitio web.<\/li>\r\n<\/ul>\r\n<\/li>\r\n<\/ul>\r\n<!-- \/wp:list-item -->\r\n\r\n<!-- \/wp:list -->\r\n\r\n<!-- wp:heading {\"level\":5} -->\r\n<h5 class=\"wp-block-heading\"><strong><strong><strong>Pol\u00edtica de enlaces y exenciones de responsabilidad\u00a0<\/strong><\/strong><\/strong><\/h5>\r\n<!-- \/wp:heading -->\r\n\r\n<!-- wp:paragraph -->\r\n\r\nCONSTRUCCIONS CROS TRES SL no se hace responsable del contenido de los sitios web a los que el usuario pueda acceder a trav\u00e9s de los enlaces establecidos en su sitio web, siempre que no tenga conocimiento efectivo de que la actividad o la informaci\u00f3n a la que remite o recomienda es il\u00edcita o de que lesiona bienes o derechos de un tercero susceptibles de indemnizaci\u00f3n, o, en caso de tenerlo, act\u00fae con diligencia para suprimir o inutilizar el enlace correspondiente.\r\n\r\nSe entender\u00e1 que CONSTRUCCIONS CROS TRES SL tiene el conocimiento efectivo a que se refiere el p\u00e1rrafo anterior cuando un \u00f3rgano competente haya declarado la ilicitud de los datos, ordenado su retirada o que se imposibilite el acceso a los mismos, o se hubiera declarado la existencia de la lesi\u00f3n, y CONSTRUCCIONS CROS TRES SL conociera la correspondiente resoluci\u00f3n, sin perjuicio de los\u00a0procedimientos de detecci\u00f3n y retirada de contenidos que CONSTRUCCIONS CROS TRES SL aplique en virtud de acuerdos voluntarios y de otros medios de conocimiento efectivo que pudieran establecerse.\r\n\r\nCONSTRUCCIONS CROS TRES SL declara haber adoptado todas las medidas necesarias para evitar cualquier da\u00f1o a los usuarios de su sitio web, que pudieran derivarse de la navegaci\u00f3n por su sitio web. En consecuencia, CONSTRUCCIONS CROS TRES SL no se hace responsable, en ning\u00fan caso, de los eventuales da\u00f1os que por la navegaci\u00f3n por Internet pudiera sufrir el usuario. Asimismo, tampoco garantizar\u00e1 la disponibilidad t\u00e9cnica, exactitud, veracidad, validez o legalidad de sitios ajenos a su propiedad a los que se pueda acceder por medio de los enlaces.\r\n\r\n<!-- \/wp:paragraph -->\r\n\r\n<!-- wp:heading {\"level\":5} -->\r\n<h5 class=\"wp-block-heading\"><strong><strong><strong><strong>Modificaciones\u00a0<\/strong><\/strong><\/strong><\/strong><\/h5>\r\n<!-- \/wp:heading -->\r\n\r\n<!-- wp:paragraph -->\r\n\r\nCONSTRUCCIONS CROS TRES SL se reserva la facultad de efectuar, en cualquier momento y sin necesidad de previo aviso, modificaciones y actualizaciones de la informaci\u00f3n contenida en su sitio web o en la configuraci\u00f3n y presentaci\u00f3n de esta. Con objeto de mantener actualizada la informaci\u00f3n publicada, los contenidos del mismo podr\u00e1n ser modificados, corregidos, eliminados o a\u00f1adidos en cualquier momento, por cualquier forma admisible en derecho.\r\n\r\n<!-- \/wp:paragraph -->\r\n\r\n<!-- wp:heading {\"level\":5} -->\r\n<h5 class=\"wp-block-heading\"><strong><strong><strong><strong><strong>Indicaci\u00f3n de precios\u00a0<\/strong>\u00a0<\/strong><\/strong><\/strong><\/strong><\/h5>\r\n<!-- \/wp:heading -->\r\n\r\n<!-- wp:paragraph -->\r\n\r\nEn caso de que se muestren precios de productos y\/o servicios, los indicados en pantalla ser\u00e1n los vigentes en cada momento. Los precios ser\u00e1n indicados en euros y tendr\u00e1n incorporado el Impuesto sobre el Valor A\u00f1adido (IVA). En caso de que no se incorpore el IVA en el precio, se indicar\u00e1 de manera expresa y se permitir\u00e1 al usuario visualizar el precio final completo.\r\n\r\nAsimismo, si fuera aplicable cualquier otro impuesto, as\u00ed se indicar\u00eda, incluyendo, en su caso, el importe de los incrementos o descuentos que sean de aplicaci\u00f3n a la oferta y los gastos adicionales que puedan repercutir al consumidor o usuario.\r\n\r\n<!-- \/wp:paragraph -->\r\n\r\n<!-- wp:heading {\"level\":5} -->\r\n<h5 class=\"wp-block-heading\"><strong><strong><strong><strong><strong><strong>Propiedad intelectual e industrial\u00a0<\/strong><\/strong><\/strong><\/strong><\/strong><\/strong><\/h5>\r\n<!-- \/wp:heading -->\r\n\r\n<!-- wp:paragraph -->\r\n\r\nCONSTRUCCIONS CROS TRES SL por s\u00ed misma o como cesionaria, es titular de todos los derechos de propiedad intelectual e industrial de su p\u00e1gina web, as\u00ed como de los elementos contenidos en la misma (a t\u00edtulo enunciativo, im\u00e1genes, sonido, audio, v\u00eddeo, software o textos; marcas o logotipos, combinaciones de colores, estructura y dise\u00f1o, selecci\u00f3n de materiales usados, programas de ordenador necesarios para su funcionamiento, acceso y uso, etc.), titularidad de CONSTRUCCIONS CROS TRES SL. Ser\u00e1n, por consiguiente, obras protegidas como propiedad intelectual por el ordenamiento jur\u00eddico espa\u00f1ol, si\u00e9ndoles aplicables tanto la normativa espa\u00f1ola y comunitaria en este campo, como los tratados internacionales relativos a la materia y suscritos por Espa\u00f1a.\r\n\r\nTodos los derechos reservados. En virtud de lo dispuesto en la Ley de Propiedad Intelectual, quedan expresamente prohibidas la reproducci\u00f3n, la distribuci\u00f3n y la comunicaci\u00f3n p\u00fablica, incluida su modalidad de puesta a disposici\u00f3n, de la totalidad o parte de los contenidos de esta p\u00e1gina web, con fines comerciales, en cualquier soporte y por cualquier medio t\u00e9cnico, sin la autorizaci\u00f3n de CONSTRUCCIONS CROS TRES SL.\r\n\r\nEl usuario se compromete a respetar los derechos de Propiedad Intelectual e Industrial titularidad de CONSTRUCCIONS CROS TRES SL. Podr\u00e1 visualizar los elementos del portal e incluso imprimirlos, copiarlos y almacenarlos en el disco duro de su ordenador o en cualquier otro soporte f\u00edsico siempre y cuando sea, \u00fanica y exclusivamente, para su uso personal y privado. El usuario deber\u00e1 abstenerse de suprimir, alterar, eludir o manipular cualquier dispositivo de protecci\u00f3n o sistema de seguridad que estuviera instalado en las p\u00e1ginas de CONSTRUCCIONS CROS TRES SL.\r\n\r\n<!-- \/wp:paragraph -->\r\n\r\n<!-- wp:heading {\"level\":5} -->\r\n<h5 class=\"wp-block-heading\"><strong><strong><strong><strong><strong><strong><strong>Certificado SSL (secure sockets layer)\u00a0<\/strong><\/strong><\/strong><\/strong><\/strong><\/strong><\/strong><\/h5>\r\n<!-- \/wp:heading -->\r\n\r\n<!-- wp:paragraph -->\r\n\r\nEl CERTIFICADO SSL proporciona autenticaci\u00f3n, privacidad y seguridad de la informaci\u00f3n entre CONSTRUCCIONS CROS TRES SL y el usuario.\r\n\r\nCONSTRUCCIONS CROS TRES SL dispone de un certificado de seguridad que se utiliza por CERTIFICADO SSL para realizar conexiones seguras.\r\n\r\nEn este proceso se establecen varios par\u00e1metros para realizar la conexi\u00f3n de forma segura y se establece usando llaves preestablecidas, codificando y descodificando todos los datos enviados hasta que la conexi\u00f3n sea cerrada.\r\n\r\n<!-- \/wp:paragraph -->\r\n\r\n<!-- wp:heading {\"level\":5} -->\r\n<h5 class=\"wp-block-heading\"><strong><strong><strong><strong><strong><strong><strong><strong>Acciones legales, legislaci\u00f3n aplicable y jurisdicci\u00f3n\u00a0<\/strong><\/strong><\/strong><\/strong><\/strong><\/strong><\/strong><\/strong><\/h5>\r\n<!-- \/wp:heading -->\r\n\r\n<!-- wp:paragraph -->\r\n\r\nSi el usuario desea presentar una reclamaci\u00f3n, deber\u00e1 contactar mediante el correo electr\u00f3nico <a href=\"mailto:prl@crostres.com\">prl@crostres.com<\/a>. Asimismo, CONSTRUCCIONS CROS TRES SL dispone de hojas oficiales de reclamaci\u00f3n a disposici\u00f3n de los consumidores y usuarios.\r\n\r\nCONSTRUCCIONS CROS TRES SL se reserva la facultad de presentar las acciones civiles o penales que considere oportunas por la utilizaci\u00f3n indebida de su sitio web y contenidos, o por el incumplimiento de las presentes condiciones.\r\n\r\nLa relaci\u00f3n entre el usuario y el prestador se regir\u00e1 por la normativa vigente y de aplicaci\u00f3n en el territorio espa\u00f1ol. De surgir cualquier controversia las partes podr\u00e1n someter sus conflictos a arbitraje o acudir a la jurisdicci\u00f3n ordinaria cumpliendo con las normas sobre jurisdicci\u00f3n y competencia al respecto.\r\n\r\n<strong>\u00daltima actualizaci\u00f3n: <\/strong>27 de noviembre de 2024\r\n\r\n<!-- \/wp:paragraph -->\r\n\r\n<!-- wp:spacer {\"height\":\"120px\"} -->\r\n<div class=\"wp-block-spacer\" style=\"height: 120px;\" aria-hidden=\"true\"><\/div>","protected":false},"excerpt":{"rendered":"<p>Introducci\u00f3n\u00a0 En cumplimiento de la Ley 34\/2002, de 11 de julio, de Servicios de la Sociedad de la Informaci\u00f3n y de Comercio Electr\u00f3nico (LSSI-CE), CONSTRUCCIONS CROS TRES SL informa que es titular del sitio web. De acuerdo con la exigencia del art\u00edculo 10 de la citada Ley, CONSTRUCCIONS CROS TRES SL informa de los siguientes [&hellip;]<\/p>\n","protected":false},"author":1,"featured_media":0,"parent":0,"menu_order":0,"comment_status":"closed","ping_status":"closed","template":"","meta":{"wpupg_custom_link":[],"wpupg_custom_link_behaviour":[],"wpupg_custom_link_nofollow":[],"wpupg_custom_image":[],"wpupg_custom_image_id":[],"site-sidebar-layout":"default","site-content-layout":"","ast-site-content-layout":"default","site-content-style":"default","site-sidebar-style":"default","ast-global-header-display":"","ast-banner-title-visibility":"","ast-main-header-display":"","ast-hfb-above-header-display":"","ast-hfb-below-header-display":"","ast-hfb-mobile-header-display":"","site-post-title":"","ast-breadcrumbs-content":"","ast-featured-img":"","footer-sml-layout":"","ast-disable-related-posts":"","theme-transparent-header-meta":"","adv-header-id-meta":"","stick-header-meta":"","header-above-stick-meta":"","header-main-stick-meta":"","header-below-stick-meta":"","astra-migrate-meta-layouts":"default","ast-page-background-enabled":"default","ast-page-background-meta":{"desktop":{"background-color":"var(--ast-global-color-4)","background-image":"","background-repeat":"repeat","background-position":"center center","background-size":"auto","background-attachment":"scroll","background-type":"","background-media":"","overlay-type":"","overlay-color":"","overlay-opacity":"","overlay-gradient":""},"tablet":{"background-color":"","background-image":"","background-repeat":"repeat","background-position":"center center","background-size":"auto","background-attachment":"scroll","background-type":"","background-media":"","overlay-type":"","overlay-color":"","overlay-opacity":"","overlay-gradient":""},"mobile":{"background-color":"","background-image":"","background-repeat":"repeat","background-position":"center center","background-size":"auto","background-attachment":"scroll","background-type":"","background-media":"","overlay-type":"","overlay-color":"","overlay-opacity":"","overlay-gradient":""}},"ast-content-background-meta":{"desktop":{"background-color":"var(--ast-global-color-5)","background-image":"","background-repeat":"repeat","background-position":"center center","background-size":"auto","background-attachment":"scroll","background-type":"","background-media":"","overlay-type":"","overlay-color":"","overlay-opacity":"","overlay-gradient":""},"tablet":{"background-color":"var(--ast-global-color-5)","background-image":"","background-repeat":"repeat","background-position":"center center","background-size":"auto","background-attachment":"scroll","background-type":"","background-media":"","overlay-type":"","overlay-color":"","overlay-opacity":"","overlay-gradient":""},"mobile":{"background-color":"var(--ast-global-color-5)","background-image":"","background-repeat":"repeat","background-position":"center center","background-size":"auto","background-attachment":"scroll","background-type":"","background-media":"","overlay-type":"","overlay-color":"","overlay-opacity":"","overlay-gradient":""}},"footnotes":""},"class_list":["post-1848","page","type-page","status-publish","hentry"],"_links":{"self":[{"href":"https:\/\/crostres.com\/es\/wp-json\/wp\/v2\/pages\/1848","targetHints":{"allow":["GET"]}}],"collection":[{"href":"https:\/\/crostres.com\/es\/wp-json\/wp\/v2\/pages"}],"about":[{"href":"https:\/\/crostres.com\/es\/wp-json\/wp\/v2\/types\/page"}],"author":[{"embeddable":true,"href":"https:\/\/crostres.com\/es\/wp-json\/wp\/v2\/users\/1"}],"replies":[{"embeddable":true,"href":"https:\/\/crostres.com\/es\/wp-json\/wp\/v2\/comments?post=1848"}],"version-history":[{"count":1,"href":"https:\/\/crostres.com\/es\/wp-json\/wp\/v2\/pages\/1848\/revisions"}],"predecessor-version":[{"id":2364,"href":"https:\/\/crostres.com\/es\/wp-json\/wp\/v2\/pages\/1848\/revisions\/2364"}],"wp:attachment":[{"href":"https:\/\/crostres.com\/es\/wp-json\/wp\/v2\/media?parent=1848"}],"curies":[{"name":"wp","href":"https:\/\/api.w.org\/{rel}","templated":true}]}}