{"id":1845,"date":"2022-11-08T16:09:09","date_gmt":"2022-11-08T14:09:09","guid":{"rendered":"http:\/\/crostres.com\/servicios\/"},"modified":"2025-03-14T15:26:45","modified_gmt":"2025-03-14T13:26:45","slug":"servicios","status":"publish","type":"page","link":"https:\/\/crostres.com\/es\/servicios\/","title":{"rendered":"Servicios"},"content":{"rendered":"\n<figure class=\"wp-block-image alignfull size-full\"><img loading=\"lazy\" decoding=\"async\" width=\"2560\" height=\"961\" src=\"http:\/\/crostres.com\/wp-content\/uploads\/2022\/11\/img-serveis-1.webp\" alt=\"\" class=\"wp-image-1142\" srcset=\"https:\/\/crostres.com\/wp-content\/uploads\/2022\/11\/img-serveis-1.webp 2560w, https:\/\/crostres.com\/wp-content\/uploads\/2022\/11\/img-serveis-1-300x113.webp 300w, https:\/\/crostres.com\/wp-content\/uploads\/2022\/11\/img-serveis-1-1024x384.webp 1024w, https:\/\/crostres.com\/wp-content\/uploads\/2022\/11\/img-serveis-1-768x288.webp 768w, https:\/\/crostres.com\/wp-content\/uploads\/2022\/11\/img-serveis-1-1536x577.webp 1536w, https:\/\/crostres.com\/wp-content\/uploads\/2022\/11\/img-serveis-1-2048x769.webp 2048w\" sizes=\"auto, (max-width: 2560px) 100vw, 2560px\" \/><\/figure>\n\n\n\n<div class=\"inherit-container-width wp-block-group colmnServSeg barServ is-layout-constrained wp-block-group-is-layout-constrained\">\n<div class=\"wp-block-columns is-layout-flex wp-container-core-columns-is-layout-28f84493 wp-block-columns-is-layout-flex\">\n<div class=\"wp-block-column colmnServ is-layout-flow wp-block-column-is-layout-flow\">\n<h5 class=\"wp-block-heading txtServeisTitSe\"><a href=\"#industrial\">CONSTRUCCI\u00d3N<br>INDUSTRIAL<\/a><\/h5>\n\n\n\n<div class=\"inherit-container-width wp-block-group overlay is-layout-constrained wp-block-group-is-layout-constrained\"><\/div>\n<\/div>\n\n\n\n<div class=\"wp-block-column colmnServ is-layout-flow wp-block-column-is-layout-flow\">\n<h5 class=\"wp-block-heading txtServeisTitSe\"><a href=\"#manteniments\">PAVIMENTOS Y INDUSTRIALES<br>INDUSTRIALS<\/a><\/h5>\n\n\n\n<div class=\"inherit-container-width wp-block-group overlay is-layout-constrained wp-block-group-is-layout-constrained\"><\/div>\n<\/div>\n\n\n\n<div class=\"wp-block-column colmnServ is-layout-flow wp-block-column-is-layout-flow\">\n<h5 class=\"wp-block-heading txtServeisTitSe\"><a href=\"#residencial\">RESIDENCIAL<\/a><\/h5>\n\n\n\n<div class=\"inherit-container-width wp-block-group overlay is-layout-constrained wp-block-group-is-layout-constrained\"><\/div>\n<\/div>\n<\/div>\n<\/div>\n\n\n\n<div id=\"industrial\" class=\"inherit-container-width wp-block-group hidElem is-layout-constrained wp-block-group-is-layout-constrained\"><\/div>\n\n\n\n<div style=\"height:80px\" aria-hidden=\"true\" class=\"wp-block-spacer hidElem\"><\/div>\n\n\n\n<div class=\"inherit-container-width wp-block-group wow animate__slideInUp is-layout-constrained wp-container-core-group-is-layout-ea351d65 wp-block-group-is-layout-constrained\" style=\"border-style:none;border-width:0px;border-radius:0px;padding-top:0;padding-right:0;padding-bottom:0;padding-left:0\">\n<div class=\"wp-block-columns boxGran is-layout-flex wp-container-core-columns-is-layout-bd922346 wp-block-columns-is-layout-flex\" style=\"margin-top:0;margin-bottom:0;padding-top:0;padding-right:0;padding-bottom:0;padding-left:0\">\n<div class=\"wp-block-column is-layout-flow wp-block-column-is-layout-flow\" style=\"flex-basis:65%\">\n<div class=\"wp-block-group boxServ is-vertical is-layout-flex wp-container-core-group-is-layout-fe9cc265 wp-block-group-is-layout-flex\">\n<h2 class=\"wp-block-heading titolServGr\">ESPECIALISTAS <br>EN <br>CONSTRUCCI\u00d3N <br>INDUSTRIAL<\/h2>\n\n\n\n<p class=\"txtServ\">En los \u00faltimos a\u00f1os hemos logrado especializarnos en cualquier tipo de construcci\u00f3n industrial. Contamos con una amplia experiencia en el sector, adapt\u00e1ndonos a las necesidades de cada cliente.<\/p>\n\n\n\n<div class=\"wp-block-group is-layout-constrained wp-container-core-group-is-layout-48cf3f2a wp-block-group-is-layout-constrained\" style=\"margin-top:40px;margin-bottom:40px;padding-right:40px;padding-left:40px\">\n<div class=\"alineBaix\" style=\"text-align:left;\"><a href=\"http:\/\/crostres.com\/es\/proyectos\/#proyectos+category:construcciones-industriales\" class=\"buttonD\">VER PROYECTOS<\/a><\/div>\n<\/div>\n<\/div>\n<\/div>\n\n\n\n<div class=\"wp-block-column boxFosc boxClmn is-layout-flow wp-block-column-is-layout-flow\" style=\"border-style:none;border-width:0px;padding-top:0;padding-right:0;padding-bottom:0;padding-left:0;flex-basis:35%\">\n<div class=\"wp-block-group simbCol is-vertical is-nowrap is-layout-flex wp-container-core-group-is-layout-f44fb481 wp-block-group-is-layout-flex\">\n<figure class=\"wp-block-image size-full is-resized simbCol\"><img decoding=\"async\" src=\"http:\/\/crostres.com\/wp-content\/uploads\/2022\/11\/icona-cros.svg\" alt=\"\" class=\"wp-image-245\" style=\"width:171px;height:171px\"\/><\/figure>\n<\/div>\n<\/div>\n<\/div>\n<\/div>\n\n\n\n<div class=\"inherit-container-width wp-block-group noPaddBox wow animate__fadeIn is-layout-constrained wp-container-core-group-is-layout-ea351d65 wp-block-group-is-layout-constrained\" style=\"border-style:none;border-width:0px;border-radius:0px;padding-top:0;padding-right:0;padding-bottom:0;padding-left:0\">\n<figure class=\"wp-block-image size-full caixaQua\" id=\"manteniments\"><img loading=\"lazy\" decoding=\"async\" width=\"2280\" height=\"704\" src=\"http:\/\/crostres.com\/wp-content\/uploads\/2022\/11\/industrial-1.webp\" alt=\"\" class=\"wp-image-247\" srcset=\"https:\/\/crostres.com\/wp-content\/uploads\/2022\/11\/industrial-1.webp 2280w, https:\/\/crostres.com\/wp-content\/uploads\/2022\/11\/industrial-1-300x93.webp 300w, https:\/\/crostres.com\/wp-content\/uploads\/2022\/11\/industrial-1-1024x316.webp 1024w, https:\/\/crostres.com\/wp-content\/uploads\/2022\/11\/industrial-1-768x237.webp 768w, https:\/\/crostres.com\/wp-content\/uploads\/2022\/11\/industrial-1-1536x474.webp 1536w, https:\/\/crostres.com\/wp-content\/uploads\/2022\/11\/industrial-1-2048x632.webp 2048w\" sizes=\"auto, (max-width: 2280px) 100vw, 2280px\" \/><\/figure>\n<\/div>\n\n\n\n<div id=\"paviments-industrials\" class=\"wp-block-group paviments-industrials is-layout-constrained wp-block-group-is-layout-constrained\">\n<div style=\"height:100px\" aria-hidden=\"true\" class=\"wp-block-spacer\"><\/div>\n<\/div>\n\n\n\n<div class=\"inherit-container-width wp-block-group caixaHme caixaSlntSeg wow animate__slideInUp is-layout-constrained wp-block-group-is-layout-constrained\">\n<div style=\"height:20px\" aria-hidden=\"true\" class=\"wp-block-spacer\"><\/div>\n\n\n\n<div class=\"wp-block-columns is-layout-flex wp-container-core-columns-is-layout-28f84493 wp-block-columns-is-layout-flex\">\n<div class=\"wp-block-column imgFull is-layout-flow wp-block-column-is-layout-flow\" style=\"flex-basis:35%\">\n<figure class=\"wp-block-image size-full\"><img loading=\"lazy\" decoding=\"async\" width=\"894\" height=\"1312\" src=\"http:\/\/crostres.com\/wp-content\/uploads\/2022\/11\/operari.webp\" alt=\"\" class=\"wp-image-255\" srcset=\"https:\/\/crostres.com\/wp-content\/uploads\/2022\/11\/operari.webp 894w, https:\/\/crostres.com\/wp-content\/uploads\/2022\/11\/operari-204x300.webp 204w, https:\/\/crostres.com\/wp-content\/uploads\/2022\/11\/operari-698x1024.webp 698w, https:\/\/crostres.com\/wp-content\/uploads\/2022\/11\/operari-768x1127.webp 768w\" sizes=\"auto, (max-width: 894px) 100vw, 894px\" \/><\/figure>\n<\/div>\n\n\n\n<div class=\"wp-block-column caixaAlin is-layout-flow wp-block-column-is-layout-flow\" style=\"padding-top:0;padding-right:0;padding-bottom:0;padding-left:var(--wp--preset--spacing--80);flex-basis:65%\">\n<h2 class=\"wp-block-heading titolSlntSeg\">PAVIMENTOS Y <br>MANTENIMIENTOS<br>INDUSTRIALES<\/h2>\n\n\n\n<p>Somos una empresa expertos en construcci\u00f3n industrial trabajando para varios sectores, destacando alimentaci\u00f3n.<\/p>\n\n\n\n<p class=\"txtServDrk\">PAVIMENTOS<br> IMPERMEABILIZACIONES<br>PINTURAS<br>TRABAJOS EN POLI\u00c9STER\r\n\r\n<\/p>\n\n\n\n<div class=\"alineBaix\" style=\"text-align:left;\"><a href=\"http:\/\/crostres.com\/es\/proyectos\/#proyectos+category:pavimentos-industriales\" class=\"buttonC\">VER PROYECTOS<\/a><\/div>\n<\/div>\n<\/div>\n\n\n\n<div style=\"height:120px\" aria-hidden=\"true\" id=\"paviments\" class=\"wp-block-spacer\"><\/div>\n\n\n\n<div class=\"wp-block-columns is-layout-flex wp-container-core-columns-is-layout-28f84493 wp-block-columns-is-layout-flex\">\n<div class=\"wp-block-column is-layout-flow wp-block-column-is-layout-flow\" style=\"flex-basis:35%\">\n<h2 class=\"wp-block-heading titolSlntSeg\">APLICACIONES EN PAVIMENTOS Y REVESTIMIENTOS INDUSTRIALES<\/h2>\n<\/div>\n\n\n\n<div class=\"wp-block-column is-layout-flow wp-block-column-is-layout-flow\" style=\"flex-basis:65%\">\n<figure class=\"wp-block-image size-large\"><img loading=\"lazy\" decoding=\"async\" width=\"1024\" height=\"307\" src=\"http:\/\/crostres.com\/wp-content\/uploads\/2022\/11\/worker-1024x307.webp\" alt=\"\" class=\"wp-image-551\" srcset=\"https:\/\/crostres.com\/wp-content\/uploads\/2022\/11\/worker-1024x307.webp 1024w, https:\/\/crostres.com\/wp-content\/uploads\/2022\/11\/worker-300x90.webp 300w, https:\/\/crostres.com\/wp-content\/uploads\/2022\/11\/worker-768x230.webp 768w, https:\/\/crostres.com\/wp-content\/uploads\/2022\/11\/worker.webp 1200w\" sizes=\"auto, (max-width: 1024px) 100vw, 1024px\" \/><\/figure>\n<\/div>\n<\/div>\n\n\n\n<div class=\"wp-block-columns is-layout-flex wp-container-core-columns-is-layout-28f84493 wp-block-columns-is-layout-flex\">\n<div class=\"wp-block-column is-layout-flow wp-block-column-is-layout-flow\" style=\"flex-basis:35%\">\n<div style=\"height:50px\" aria-hidden=\"true\" class=\"wp-block-spacer\"><\/div>\n\n\n\n<div class=\"alineBaix\" style=\"text-align:left;\"><a href=\"http:\/\/crostres.com\/es\/proyectos\/#proyectos+category:pavimentos-industriales\" class=\"buttonC\">VER PROYECTOS<\/a><\/div>\n<\/div>\n\n\n\n<div class=\"wp-block-column is-layout-flow wp-block-column-is-layout-flow\" style=\"flex-basis:65%\">\n<p>Trabajamos con aplicaciones de pavimentos y revestimientos. Ofrecemos el mejor servicio y nos adaptamos a las necesidades de cada proyecto, tanto en horarios como en tiempo de ejecuci\u00f3n.<br><br>Somos aplicadores homologados por <a href=\"https:\/\/esp.sika.com\/\" target=\"_blank\" rel=\"noreferrer noopener\">Sika<\/a> aportando las mejores garant\u00edas de calidad, acabado y durabilidad.<br><\/p>\n\n\n\n<div style=\"height:15px\" aria-hidden=\"true\" class=\"wp-block-spacer\"><\/div>\n\n\n\n<figure class=\"wp-block-image size-large is-resized alineBaix\"><a href=\"https:\/\/esp.sika.com\/\" target=\"_blank\" rel=\"noreferrer noopener\"><img loading=\"lazy\" decoding=\"async\" width=\"1024\" height=\"881\" src=\"http:\/\/crostres.com\/wp-content\/uploads\/2022\/12\/sika-2-1024x881.png\" alt=\"\" class=\"wp-image-1509\" style=\"width:84px;height:72px\" srcset=\"https:\/\/crostres.com\/wp-content\/uploads\/2022\/12\/sika-2-1024x881.png 1024w, https:\/\/crostres.com\/wp-content\/uploads\/2022\/12\/sika-2-300x258.png 300w, https:\/\/crostres.com\/wp-content\/uploads\/2022\/12\/sika-2-768x660.png 768w, https:\/\/crostres.com\/wp-content\/uploads\/2022\/12\/sika-2.png 1200w\" sizes=\"auto, (max-width: 1024px) 100vw, 1024px\" \/><\/a><\/figure>\n\n\n\n<p class=\"has-small-font-size\"><a href=\"http:\/\/crostres.com\/wp-content\/uploads\/2023\/07\/Construccions-Crostres.pdf\" target=\"_blank\" rel=\"noreferrer noopener\">DESCARGA EL CERTIFICADO<\/a><\/p>\n<\/div>\n<\/div>\n<\/div>\n\n\n\n<div style=\"height:180px\" aria-hidden=\"true\" id=\"residencial\" class=\"wp-block-spacer\"><\/div>\n\n\n\n<div class=\"inherit-container-width wp-block-group wow animate__fadeIn is-layout-constrained wp-container-core-group-is-layout-a9f838b9 wp-block-group-is-layout-constrained\" style=\"margin-top:0;margin-bottom:0;padding-top:0;padding-right:0;padding-bottom:0;padding-left:0\">\n<div class=\"wp-block-columns is-layout-flex wp-container-core-columns-is-layout-45079ec6 wp-block-columns-is-layout-flex\" style=\"border-style:none;border-width:0px;border-radius:0px;margin-top:0;margin-bottom:0;padding-top:0;padding-right:0;padding-bottom:0;padding-left:0\">\n<div class=\"wp-block-column is-layout-flow wp-block-column-is-layout-flow\" style=\"border-style:none;border-width:0px;padding-top:0;padding-right:0;padding-bottom:0;padding-left:0;flex-basis:50%\">\n<figure class=\"wp-block-image size-full caixaSlntTer\"><img loading=\"lazy\" decoding=\"async\" width=\"1800\" height=\"1010\" src=\"http:\/\/crostres.com\/wp-content\/uploads\/2022\/11\/habitatge-img.webp\" alt=\"\" class=\"wp-image-1174\" srcset=\"https:\/\/crostres.com\/wp-content\/uploads\/2022\/11\/habitatge-img.webp 1800w, https:\/\/crostres.com\/wp-content\/uploads\/2022\/11\/habitatge-img-300x168.webp 300w, https:\/\/crostres.com\/wp-content\/uploads\/2022\/11\/habitatge-img-1024x575.webp 1024w, https:\/\/crostres.com\/wp-content\/uploads\/2022\/11\/habitatge-img-768x431.webp 768w, https:\/\/crostres.com\/wp-content\/uploads\/2022\/11\/habitatge-img-1536x862.webp 1536w\" sizes=\"auto, (max-width: 1800px) 100vw, 1800px\" \/><\/figure>\n\n\n\n<p class=\"txtServ fonsB\" style=\"margin-top:0;margin-right:0;margin-bottom:0;margin-left:0\">Construimos todo tipo de viviendas. Coordinamos y ofrecemos todos los servicios de los industriales necesarios para llevar a cabo la total ejecuci\u00f3n de las obras.<\/p>\n<\/div>\n\n\n\n<div class=\"wp-block-column fonsA is-layout-flow wp-block-column-is-layout-flow\" style=\"border-style:none;border-width:0px;padding-top:0;padding-right:0;padding-bottom:0;padding-left:0;flex-basis:50%\">\n<div class=\"wp-block-group boxServ caixaAlin is-vertical is-layout-flex wp-container-core-group-is-layout-fe9cc265 wp-block-group-is-layout-flex\">\n<h2 class=\"wp-block-heading titolServGr\">RESIDENCIAL<\/h2>\n\n\n\n<p class=\"txtServ\">OBRA NUEVA Y REHABILITACI\u00d3N<br>DE VIVIENDA<\/p>\n\n\n\n<div class=\"alineBaix\" style=\"text-align:left;padding-left:40px;\"><a href=\"http:\/\/crostres.com\/es\/proyectos\/#proyectos+category:residencial\" class=\"buttonD\">VER PROYECTOS<\/a><\/div>\n<\/div>\n<\/div>\n<\/div>\n\n\n\n<div class=\"wp-block-columns is-layout-flex wp-container-core-columns-is-layout-a4dc53b6 wp-block-columns-is-layout-flex\" style=\"padding-top:var(--wp--preset--spacing--50);padding-right:0;padding-bottom:0;padding-left:0\">\n<div class=\"wp-block-column is-layout-flow wp-block-column-is-layout-flow\" style=\"flex-basis:33.34%\">\n<figure class=\"wp-block-image size-full\"><img loading=\"lazy\" decoding=\"async\" width=\"1000\" height=\"1000\" src=\"http:\/\/crostres.com\/wp-content\/uploads\/2022\/11\/habit-02.webp\" alt=\"\" class=\"wp-image-1171\" srcset=\"https:\/\/crostres.com\/wp-content\/uploads\/2022\/11\/habit-02.webp 1000w, https:\/\/crostres.com\/wp-content\/uploads\/2022\/11\/habit-02-300x300.webp 300w, https:\/\/crostres.com\/wp-content\/uploads\/2022\/11\/habit-02-150x150.webp 150w, https:\/\/crostres.com\/wp-content\/uploads\/2022\/11\/habit-02-768x768.webp 768w\" sizes=\"auto, (max-width: 1000px) 100vw, 1000px\" \/><\/figure>\n<\/div>\n\n\n\n<div class=\"wp-block-column is-layout-flow wp-block-column-is-layout-flow\" style=\"flex-basis:33.34%\">\n<figure class=\"wp-block-image size-full\"><img loading=\"lazy\" decoding=\"async\" width=\"1000\" height=\"1000\" src=\"http:\/\/crostres.com\/wp-content\/uploads\/2022\/11\/habit-03.webp\" alt=\"\" class=\"wp-image-1172\" srcset=\"https:\/\/crostres.com\/wp-content\/uploads\/2022\/11\/habit-03.webp 1000w, https:\/\/crostres.com\/wp-content\/uploads\/2022\/11\/habit-03-300x300.webp 300w, https:\/\/crostres.com\/wp-content\/uploads\/2022\/11\/habit-03-150x150.webp 150w, https:\/\/crostres.com\/wp-content\/uploads\/2022\/11\/habit-03-768x768.webp 768w\" sizes=\"auto, (max-width: 1000px) 100vw, 1000px\" \/><\/figure>\n<\/div>\n\n\n\n<div class=\"wp-block-column is-layout-flow wp-block-column-is-layout-flow\" style=\"flex-basis:33.33%\">\n<figure class=\"wp-block-image size-full\"><img loading=\"lazy\" decoding=\"async\" width=\"1000\" height=\"1000\" src=\"http:\/\/crostres.com\/wp-content\/uploads\/2022\/11\/habit-01.webp\" alt=\"\" class=\"wp-image-1170\" srcset=\"https:\/\/crostres.com\/wp-content\/uploads\/2022\/11\/habit-01.webp 1000w, https:\/\/crostres.com\/wp-content\/uploads\/2022\/11\/habit-01-300x300.webp 300w, https:\/\/crostres.com\/wp-content\/uploads\/2022\/11\/habit-01-150x150.webp 150w, https:\/\/crostres.com\/wp-content\/uploads\/2022\/11\/habit-01-768x768.webp 768w\" sizes=\"auto, (max-width: 1000px) 100vw, 1000px\" \/><\/figure>\n<\/div>\n<\/div>\n\n\n\n<div style=\"height:180px\" aria-hidden=\"true\" id=\"masies\" class=\"wp-block-spacer\"><\/div>\n<\/div>\n\n\n\n<div style=\"height:280px\" aria-hidden=\"true\" class=\"wp-block-spacer\"><\/div>\n","protected":false},"excerpt":{"rendered":"<p>CONSTRUCCI\u00d3NINDUSTRIAL PAVIMENTOS Y INDUSTRIALESINDUSTRIALS RESIDENCIAL ESPECIALISTAS EN CONSTRUCCI\u00d3N INDUSTRIAL En los \u00faltimos a\u00f1os hemos logrado especializarnos en cualquier tipo de construcci\u00f3n industrial. Contamos con una amplia experiencia en el sector, adapt\u00e1ndonos a las necesidades de cada cliente. VER PROYECTOS PAVIMENTOS Y MANTENIMIENTOSINDUSTRIALES Somos una empresa expertos en construcci\u00f3n industrial trabajando para varios sectores, destacando alimentaci\u00f3n. [&hellip;]<\/p>\n","protected":false},"author":1,"featured_media":0,"parent":0,"menu_order":0,"comment_status":"closed","ping_status":"closed","template":"","meta":{"wpupg_custom_link":[],"wpupg_custom_link_behaviour":[],"wpupg_custom_link_nofollow":[],"wpupg_custom_image":[],"wpupg_custom_image_id":[],"site-sidebar-layout":"default","site-content-layout":"","ast-site-content-layout":"default","site-content-style":"default","site-sidebar-style":"default","ast-global-header-display":"","ast-banner-title-visibility":"","ast-main-header-display":"","ast-hfb-above-header-display":"","ast-hfb-below-header-display":"","ast-hfb-mobile-header-display":"","site-post-title":"disabled","ast-breadcrumbs-content":"","ast-featured-img":"","footer-sml-layout":"","ast-disable-related-posts":"","theme-transparent-header-meta":"","adv-header-id-meta":"","stick-header-meta":"","header-above-stick-meta":"","header-main-stick-meta":"","header-below-stick-meta":"","astra-migrate-meta-layouts":"set","ast-page-background-enabled":"default","ast-page-background-meta":{"desktop":{"background-color":"var(--ast-global-color-4)","background-image":"","background-repeat":"repeat","background-position":"center center","background-size":"auto","background-attachment":"scroll","background-type":"","background-media":"","overlay-type":"","overlay-color":"","overlay-opacity":"","overlay-gradient":""},"tablet":{"background-color":"","background-image":"","background-repeat":"repeat","background-position":"center center","background-size":"auto","background-attachment":"scroll","background-type":"","background-media":"","overlay-type":"","overlay-color":"","overlay-opacity":"","overlay-gradient":""},"mobile":{"background-color":"","background-image":"","background-repeat":"repeat","background-position":"center center","background-size":"auto","background-attachment":"scroll","background-type":"","background-media":"","overlay-type":"","overlay-color":"","overlay-opacity":"","overlay-gradient":""}},"ast-content-background-meta":{"desktop":{"background-color":"var(--ast-global-color-5)","background-image":"","background-repeat":"repeat","background-position":"center center","background-size":"auto","background-attachment":"scroll","background-type":"","background-media":"","overlay-type":"","overlay-color":"","overlay-opacity":"","overlay-gradient":""},"tablet":{"background-color":"var(--ast-global-color-5)","background-image":"","background-repeat":"repeat","background-position":"center center","background-size":"auto","background-attachment":"scroll","background-type":"","background-media":"","overlay-type":"","overlay-color":"","overlay-opacity":"","overlay-gradient":""},"mobile":{"background-color":"var(--ast-global-color-5)","background-image":"","background-repeat":"repeat","background-position":"center center","background-size":"auto","background-attachment":"scroll","background-type":"","background-media":"","overlay-type":"","overlay-color":"","overlay-opacity":"","overlay-gradient":""}},"footnotes":""},"class_list":["post-1845","page","type-page","status-publish","hentry"],"_links":{"self":[{"href":"https:\/\/crostres.com\/es\/wp-json\/wp\/v2\/pages\/1845","targetHints":{"allow":["GET"]}}],"collection":[{"href":"https:\/\/crostres.com\/es\/wp-json\/wp\/v2\/pages"}],"about":[{"href":"https:\/\/crostres.com\/es\/wp-json\/wp\/v2\/types\/page"}],"author":[{"embeddable":true,"href":"https:\/\/crostres.com\/es\/wp-json\/wp\/v2\/users\/1"}],"replies":[{"embeddable":true,"href":"https:\/\/crostres.com\/es\/wp-json\/wp\/v2\/comments?post=1845"}],"version-history":[{"count":11,"href":"https:\/\/crostres.com\/es\/wp-json\/wp\/v2\/pages\/1845\/revisions"}],"predecessor-version":[{"id":2139,"href":"https:\/\/crostres.com\/es\/wp-json\/wp\/v2\/pages\/1845\/revisions\/2139"}],"wp:attachment":[{"href":"https:\/\/crostres.com\/es\/wp-json\/wp\/v2\/media?parent=1845"}],"curies":[{"name":"wp","href":"https:\/\/api.w.org\/{rel}","templated":true}]}}